
{"id":6,"date":"2023-05-19T15:38:42","date_gmt":"2023-05-19T15:38:42","guid":{"rendered":"https:\/\/cif-pensions.de\/?page_id=6"},"modified":"2025-09-23T11:27:31","modified_gmt":"2025-09-23T11:27:31","slug":"das-neue-museum-oeffnet-seine-tueren-2","status":"publish","type":"page","link":"https:\/\/www.cif-pensions.de\/","title":{"rendered":"CIF:Pensions"},"content":{"rendered":"\n<div class=\"wp-block-cover alignfull header\"><img loading=\"lazy\" decoding=\"async\" width=\"2000\" height=\"600\" class=\"wp-block-cover__image-background wp-image-104\" alt=\"\" src=\"https:\/\/www.cif-pensions.de\/wp-content\/uploads\/2023\/05\/CIF-Pensions-Header-Schiffe.jpg\" data-object-fit=\"cover\" srcset=\"https:\/\/www.cif-pensions.de\/wp-content\/uploads\/2023\/05\/CIF-Pensions-Header-Schiffe.jpg 2000w, https:\/\/www.cif-pensions.de\/wp-content\/uploads\/2023\/05\/CIF-Pensions-Header-Schiffe-300x90.jpg 300w, https:\/\/www.cif-pensions.de\/wp-content\/uploads\/2023\/05\/CIF-Pensions-Header-Schiffe-1024x307.jpg 1024w, https:\/\/www.cif-pensions.de\/wp-content\/uploads\/2023\/05\/CIF-Pensions-Header-Schiffe-768x230.jpg 768w, https:\/\/www.cif-pensions.de\/wp-content\/uploads\/2023\/05\/CIF-Pensions-Header-Schiffe-1536x461.jpg 1536w, https:\/\/www.cif-pensions.de\/wp-content\/uploads\/2023\/05\/CIF-Pensions-Header-Schiffe-1200x360.jpg 1200w, https:\/\/www.cif-pensions.de\/wp-content\/uploads\/2023\/05\/CIF-Pensions-Header-Schiffe-1980x594.jpg 1980w\" sizes=\"auto, (max-width: 2000px) 100vw, 2000px\" \/><span aria-hidden=\"true\" class=\"wp-block-cover__background has-background-dim-0 has-background-dim\"><\/span><div class=\"wp-block-cover__inner-container is-layout-flow wp-block-cover-is-layout-flow\">\n<div class=\"wp-block-cover alignwide is-light\"><span aria-hidden=\"true\" class=\"wp-block-cover__background has-background-dim-30 has-background-dim\" style=\"background-color:#869cae\"><\/span><div class=\"wp-block-cover__inner-container is-layout-flow wp-block-cover-is-layout-flow\">\n<h2 class=\"wp-block-heading alignwide has-background-color has-text-color\">&#8222;Wir handeln zusammen mit unseren Vermittlerinnen und Vermittlern versicherer\u00fcbergreifend im Sinne der Unternehmen, deren Zusagen wir managen.&#8220;<\/h2>\n<\/div><\/div>\n<\/div><\/div>\n\n\n\n<h2 class=\"wp-block-heading alignwide has-text-align-center headline\">\u00dcber uns<\/h2>\n\n\n\n<div class=\"wp-block-columns alignwide box is-layout-flex wp-container-core-columns-is-layout-9d6595d7 wp-block-columns-is-layout-flex\">\n<div class=\"wp-block-column is-layout-flow wp-block-column-is-layout-flow\">\n<p>Die ConceptIF Pensions AG wurde 2013 als Schwesterunternehmen aus der ConceptIF AG ausgegliedert und ist eine Entwicklungsschmiede f\u00fcr einzigartige Konzepte und Dienstleistungen im Umfeld der betrieblichen Altersversorgung mit einem Schwerpunkt im Durchf\u00fchrungsweg der kongruent r\u00fcckgedeckten Unterst\u00fctzungskasse.<\/p>\n\n\n\n<p>Dabei sehen wir unsere Hauptaufgabe darin, die vertrieblichen Aktivit\u00e4ten der freien Unterst\u00fctzungskassen <a rel=\"noreferrer noopener\" href=\"https:\/\/www.deutsche-unterstuetzungskasse.de\/\" target=\"_blank\">Deutsche Unterst\u00fctzungskasse e.V.<\/a> (DUK) und <a rel=\"noreferrer noopener\" href=\"https:\/\/www.deutscher-pensionsfonds.de\/\" target=\"_blank\">Deutscher Pensionsfonds e.V. \u2013 die \u00fcberbetriebliche Unterst\u00fctzungskasse<\/a> (DPF)  zu steuern und umzusetzen.<\/p>\n\n\n\n<p>Zum Beispiel haben wir die folgenden Konzepte f\u00fcr DUK und DPF mit dem Ziel entwickelt, den Wirkungsgrad und die Effizienz von Versorgungszusagen zu optimieren sowie neue Wege bei der Personalbindung und Personalgewinnung zu er\u00f6ffnen:<\/p>\n<\/div>\n<\/div>\n\n\n\n<div class=\"wp-block-columns alignwide box-1 is-layout-flex wp-container-core-columns-is-layout-9d6595d7 wp-block-columns-is-layout-flex\">\n<div class=\"wp-block-column is-layout-flow wp-block-column-is-layout-flow\">\n<div class=\"wp-block-columns kacheln is-layout-flex wp-container-core-columns-is-layout-9d6595d7 wp-block-columns-is-layout-flex\">\n<div class=\"wp-block-column kachel is-layout-flow wp-block-column-is-layout-flow\">\n<figure class=\"wp-block-image size-full\"><a href=\"https:\/\/www.deutsche-unterstuetzungskasse.de\/duk\/portfolio\" target=\"_blank\" rel=\"noreferrer noopener\"><img loading=\"lazy\" decoding=\"async\" width=\"700\" height=\"480\" src=\"https:\/\/www.cif-pensions.de\/wp-content\/uploads\/2023\/05\/CIF-Pensions-PortfolioKonzept.jpg\" alt=\"\" class=\"wp-image-106\" srcset=\"https:\/\/www.cif-pensions.de\/wp-content\/uploads\/2023\/05\/CIF-Pensions-PortfolioKonzept.jpg 700w, https:\/\/www.cif-pensions.de\/wp-content\/uploads\/2023\/05\/CIF-Pensions-PortfolioKonzept-300x206.jpg 300w\" sizes=\"auto, (max-width: 700px) 100vw, 700px\" \/><\/a><\/figure>\n\n\n\n<h4 class=\"wp-block-heading\"><a href=\"https:\/\/www.deutsche-unterstuetzungskasse.de\/duk\/portfolio\" target=\"_blank\" rel=\"noreferrer noopener\">DUK:PortfolioKonzept<\/a><\/h4>\n\n\n\n<p>Risikostreuung und Anlagemanagement bei Unterst\u00fctzungskassenzusagen<\/p>\n<\/div>\n\n\n\n<div class=\"wp-block-column kachel is-layout-flow wp-block-column-is-layout-flow\">\n<figure class=\"wp-block-image size-full\"><a href=\"https:\/\/www.deutsche-unterstuetzungskasse.de\/duk\/tantiemenmodell\" target=\"_blank\" rel=\"noreferrer noopener\"><img loading=\"lazy\" decoding=\"async\" width=\"700\" height=\"480\" src=\"https:\/\/www.cif-pensions.de\/wp-content\/uploads\/2023\/05\/CIF-Pensions-TantiemenModell.jpg\" alt=\"\" class=\"wp-image-107\" srcset=\"https:\/\/www.cif-pensions.de\/wp-content\/uploads\/2023\/05\/CIF-Pensions-TantiemenModell.jpg 700w, https:\/\/www.cif-pensions.de\/wp-content\/uploads\/2023\/05\/CIF-Pensions-TantiemenModell-300x206.jpg 300w\" sizes=\"auto, (max-width: 700px) 100vw, 700px\" \/><\/a><\/figure>\n\n\n\n<h4 class=\"wp-block-heading\"><a href=\"https:\/\/www.deutsche-unterstuetzungskasse.de\/duk\/tantiemenmodell\" target=\"_blank\" rel=\"noreferrer noopener\">DUK:TantiemenModell<\/a><\/h4>\n\n\n\n<p>eine einmalige Sonderzahlung in eine Unterst\u00fctzungskassenzusage umwandeln<\/p>\n<\/div>\n\n\n\n<div class=\"wp-block-column kachel is-layout-flow wp-block-column-is-layout-flow\">\n<figure class=\"wp-block-image size-full\"><a href=\"https:\/\/www.deutsche-unterstuetzungskasse.de\/duk\/firmenrente\" target=\"_blank\" rel=\"noreferrer noopener\"><img loading=\"lazy\" decoding=\"async\" width=\"700\" height=\"480\" src=\"https:\/\/www.cif-pensions.de\/wp-content\/uploads\/2023\/05\/CIF-Pensions-FirmenRente.jpg\" alt=\"\" class=\"wp-image-102\" srcset=\"https:\/\/www.cif-pensions.de\/wp-content\/uploads\/2023\/05\/CIF-Pensions-FirmenRente.jpg 700w, https:\/\/www.cif-pensions.de\/wp-content\/uploads\/2023\/05\/CIF-Pensions-FirmenRente-300x206.jpg 300w\" sizes=\"auto, (max-width: 700px) 100vw, 700px\" \/><\/a><\/figure>\n\n\n\n<h4 class=\"wp-block-heading\"><a href=\"https:\/\/www.deutsche-unterstuetzungskasse.de\/duk\/firmenrente\" target=\"_blank\" rel=\"noreferrer noopener\">DUK:FirmenRente<\/a><\/h4>\n\n\n\n<p>\u00fcberf\u00fchrt thesaurierte Gewinne in einen Betrisbsrenten-Baustein<\/p>\n<\/div>\n<\/div>\n<\/div>\n<\/div>\n\n\n\n<h2 class=\"wp-block-heading alignwide has-text-align-center headline\">Unsere Philosophie<\/h2>\n\n\n\n<div class=\"wp-block-columns alignwide box is-layout-flex wp-container-core-columns-is-layout-9d6595d7 wp-block-columns-is-layout-flex\">\n<div class=\"wp-block-column is-layout-flow wp-block-column-is-layout-flow\">\n<p>Wir bei der ConceptIF Pensions AG verstehen uns in erster Linie als Ansprechpartner f\u00fcr Versicherungsgesellschaften sowie f\u00fcr Beraterinnen bzw. Berater und organisieren zusammen mit der DUK und dem DPF die Durchf\u00fchrung der Versorgungszusagen f\u00fcr die Tr\u00e4gerunternehmen.<\/p>\n\n\n\n<p>Wir stehen dar\u00fcber hinaus gern jederzeit auch bei der Entwicklung und Einrichtung von Versorgungskonzepten&nbsp;f\u00fcr Unternehmen und deren steuerliche Beraterinnen und Berater sowie f\u00fcr Versorgungsanw\u00e4rterinnen und&nbsp;-anw\u00e4rter und auch f\u00fcr Versicherungsvermittlerinnen bzw. \u00ad\u00ad-vermittler zur Verf\u00fcgung \u2013 in allen Durchf\u00fchrungswegen der betrieblichen Altersversorgung.<\/p>\n\n\n\n<p>Au\u00dferdem verstehen&nbsp;wir uns als Diskussionspartner zu s\u00e4mtlichen Themen der betrieblichen Altersversorgung \u2013 probieren Sie es herzlich gerne aus, wir freuen uns auf den Austausch mit Ihnen!<\/p>\n<\/div>\n<\/div>\n\n\n\n<div class=\"wp-block-columns alignwide box-1 is-layout-flex wp-container-core-columns-is-layout-9d6595d7 wp-block-columns-is-layout-flex\">\n<div class=\"wp-block-column is-layout-flow wp-block-column-is-layout-flow\">\n<div class=\"wp-block-columns kacheln is-layout-flex wp-container-core-columns-is-layout-9d6595d7 wp-block-columns-is-layout-flex\">\n<div class=\"wp-block-column kachel is-layout-flow wp-block-column-is-layout-flow\">\n<figure class=\"wp-block-image size-full\"><img loading=\"lazy\" decoding=\"async\" width=\"700\" height=\"740\" src=\"https:\/\/www.cif-pensions.de\/wp-content\/uploads\/2023\/05\/Christian-Willms.jpg\" alt=\"\" class=\"wp-image-101\" srcset=\"https:\/\/www.cif-pensions.de\/wp-content\/uploads\/2023\/05\/Christian-Willms.jpg 700w, https:\/\/www.cif-pensions.de\/wp-content\/uploads\/2023\/05\/Christian-Willms-284x300.jpg 284w\" sizes=\"auto, (max-width: 700px) 100vw, 700px\" \/><\/figure>\n\n\n\n<h4 class=\"wp-block-heading\">Christian Willms<\/h4>\n\n\n\n<p>Vorstandsvorsitzender<\/p>\n\n\n\n<p><a href=\"mailto:c.willms@conceptif-pensions.de\">c.willms@conceptif-pensions.de<\/a><\/p>\n<\/div>\n\n\n\n<div class=\"wp-block-column kachel is-layout-flow wp-block-column-is-layout-flow\">\n<figure class=\"wp-block-image size-full\"><img loading=\"lazy\" decoding=\"async\" width=\"700\" height=\"740\" src=\"https:\/\/www.cif-pensions.de\/wp-content\/uploads\/2023\/05\/Andreas-Olm-.jpg\" alt=\"\" class=\"wp-image-100\" srcset=\"https:\/\/www.cif-pensions.de\/wp-content\/uploads\/2023\/05\/Andreas-Olm-.jpg 700w, https:\/\/www.cif-pensions.de\/wp-content\/uploads\/2023\/05\/Andreas-Olm--284x300.jpg 284w\" sizes=\"auto, (max-width: 700px) 100vw, 700px\" \/><\/figure>\n\n\n\n<h4 class=\"wp-block-heading\">Andreas Olm<\/h4>\n\n\n\n<p>Vorstand Vertrieb<\/p>\n\n\n\n<p><a href=\"mailto:a.olm@conceptif-pensions.de\">a.olm@conceptif-pensions.de<\/a><\/p>\n<\/div>\n<\/div>\n<\/div>\n<\/div>\n\n\n\n<div class=\"wp-block-columns alignwide box-1 is-layout-flex wp-container-core-columns-is-layout-9d6595d7 wp-block-columns-is-layout-flex\">\n<div class=\"wp-block-column is-layout-flow wp-block-column-is-layout-flow\">\n<div class=\"wp-block-columns kacheln is-layout-flex wp-container-core-columns-is-layout-9d6595d7 wp-block-columns-is-layout-flex\">\n<div class=\"wp-block-column kachel is-layout-flow wp-block-column-is-layout-flow\">\n<figure class=\"wp-block-image size-full\"><img loading=\"lazy\" decoding=\"async\" width=\"700\" height=\"740\" src=\"https:\/\/www.cif-pensions.de\/wp-content\/uploads\/2023\/05\/Ralf-Klemm.jpg\" alt=\"\" class=\"wp-image-108\" srcset=\"https:\/\/www.cif-pensions.de\/wp-content\/uploads\/2023\/05\/Ralf-Klemm.jpg 700w, https:\/\/www.cif-pensions.de\/wp-content\/uploads\/2023\/05\/Ralf-Klemm-284x300.jpg 284w\" sizes=\"auto, (max-width: 700px) 100vw, 700px\" \/><\/figure>\n\n\n\n<h4 class=\"wp-block-heading\">Ralf Klemm<\/h4>\n\n\n\n<p>Teamleitung bAV<\/p>\n\n\n\n<p><a href=\"mailto:r.klemm@conceptif-pensions.de\">r.klemm@conceptif-pensions.de<\/a><\/p>\n<\/div>\n\n\n\n<div class=\"wp-block-column kachel is-layout-flow wp-block-column-is-layout-flow\">\n<figure class=\"wp-block-image size-full\"><img loading=\"lazy\" decoding=\"async\" width=\"1024\" height=\"1024\" src=\"https:\/\/www.cif-pensions.de\/wp-content\/uploads\/2025\/09\/das-bild-zuschneiden.jpg\" alt=\"\" class=\"wp-image-221\" srcset=\"https:\/\/www.cif-pensions.de\/wp-content\/uploads\/2025\/09\/das-bild-zuschneiden.jpg 1024w, https:\/\/www.cif-pensions.de\/wp-content\/uploads\/2025\/09\/das-bild-zuschneiden-300x300.jpg 300w, https:\/\/www.cif-pensions.de\/wp-content\/uploads\/2025\/09\/das-bild-zuschneiden-150x150.jpg 150w, https:\/\/www.cif-pensions.de\/wp-content\/uploads\/2025\/09\/das-bild-zuschneiden-768x768.jpg 768w\" sizes=\"auto, (max-width: 1024px) 100vw, 1024px\" \/><\/figure>\n\n\n\n<h4 class=\"wp-block-heading\">Karsten Kestenus<\/h4>\n\n\n\n<p>Vertrieb<\/p>\n\n\n\n<p><a href=\"mailto:k.kestenus@conceptif-pensions.de\">k.kestenus@conceptif-pensions.de<\/a><\/p>\n<\/div>\n<\/div>\n<\/div>\n<\/div>\n\n\n\n<div class=\"wp-block-cover alignfull footer-bild\"><img loading=\"lazy\" decoding=\"async\" width=\"2000\" height=\"600\" class=\"wp-block-cover__image-background wp-image-104\" alt=\"\" src=\"https:\/\/www.cif-pensions.de\/wp-content\/uploads\/2023\/05\/CIF-Pensions-Header-Schiffe.jpg\" data-object-fit=\"cover\" srcset=\"https:\/\/www.cif-pensions.de\/wp-content\/uploads\/2023\/05\/CIF-Pensions-Header-Schiffe.jpg 2000w, https:\/\/www.cif-pensions.de\/wp-content\/uploads\/2023\/05\/CIF-Pensions-Header-Schiffe-300x90.jpg 300w, https:\/\/www.cif-pensions.de\/wp-content\/uploads\/2023\/05\/CIF-Pensions-Header-Schiffe-1024x307.jpg 1024w, https:\/\/www.cif-pensions.de\/wp-content\/uploads\/2023\/05\/CIF-Pensions-Header-Schiffe-768x230.jpg 768w, https:\/\/www.cif-pensions.de\/wp-content\/uploads\/2023\/05\/CIF-Pensions-Header-Schiffe-1536x461.jpg 1536w, https:\/\/www.cif-pensions.de\/wp-content\/uploads\/2023\/05\/CIF-Pensions-Header-Schiffe-1200x360.jpg 1200w, https:\/\/www.cif-pensions.de\/wp-content\/uploads\/2023\/05\/CIF-Pensions-Header-Schiffe-1980x594.jpg 1980w\" sizes=\"auto, (max-width: 2000px) 100vw, 2000px\" \/><span aria-hidden=\"true\" class=\"wp-block-cover__background has-background-dim-0 has-background-dim\"><\/span><div class=\"wp-block-cover__inner-container is-layout-flow wp-block-cover-is-layout-flow\">\n<div class=\"wp-block-columns alignwide footer-overlayer is-layout-flex wp-container-core-columns-is-layout-9d6595d7 wp-block-columns-is-layout-flex\">\n<div class=\"wp-block-column is-layout-flow wp-block-column-is-layout-flow\">\n<p class=\"has-text-align-center footermenu\"><a href=\"https:\/\/www.cif-pensions.de\/?page_id=74\" data-type=\"page\" data-id=\"74\">Impressum<\/a><br><a href=\"https:\/\/www.cif-pensions.de\/?page_id=3\" data-type=\"page\" data-id=\"3\">Datenschutz<\/a><br><a href=\"https:\/\/www.cif-pensions.de\/?page_id=77\" data-type=\"page\" data-id=\"77\">Kontakt<\/a><\/p>\n\n\n\n<p class=\"has-text-align-center footer-text\">Aus Gr\u00fcnden der besseren Lesbarkeit wurde bei Personenbezeichnungen teilweise nur die m\u00e4nnliche bzw. weibliche Form verwendet. Dies stellt keine Benachteiligung anderer Geschlechter dar. Wenn die m\u00e4nnliche bzw. weibliche Personenbezeichnung gew\u00e4hlt wurde, ist dies nicht geschlechterspezifisch, sondern es sind stets auch andere Geschlechtsformen gemeint.<\/p>\n<\/div>\n<\/div>\n<\/div><\/div>\n","protected":false},"excerpt":{"rendered":"<p>\u00dcber uns Die ConceptIF Pensions AG wurde 2013 als Schwesterunternehmen aus der ConceptIF AG ausgegliedert und ist eine Entwicklungsschmiede f\u00fcr einzigartige Konzepte und Dienstleistungen im Umfeld der betrieblichen Altersversorgung mit einem Schwerpunkt im Durchf\u00fchrungsweg der kongruent r\u00fcckgedeckten Unterst\u00fctzungskasse. Dabei sehen wir unsere Hauptaufgabe darin, die vertrieblichen Aktivit\u00e4ten der freien Unterst\u00fctzungskassen Deutsche Unterst\u00fctzungskasse e.V. (DUK) und [&hellip;]<\/p>\n","protected":false},"author":1,"featured_media":0,"parent":0,"menu_order":0,"comment_status":"closed","ping_status":"closed","template":"","meta":{"footnotes":""},"class_list":["post-6","page","type-page","status-publish","hentry"],"_links":{"self":[{"href":"https:\/\/www.cif-pensions.de\/index.php?rest_route=\/wp\/v2\/pages\/6","targetHints":{"allow":["GET"]}}],"collection":[{"href":"https:\/\/www.cif-pensions.de\/index.php?rest_route=\/wp\/v2\/pages"}],"about":[{"href":"https:\/\/www.cif-pensions.de\/index.php?rest_route=\/wp\/v2\/types\/page"}],"author":[{"embeddable":true,"href":"https:\/\/www.cif-pensions.de\/index.php?rest_route=\/wp\/v2\/users\/1"}],"replies":[{"embeddable":true,"href":"https:\/\/www.cif-pensions.de\/index.php?rest_route=%2Fwp%2Fv2%2Fcomments&post=6"}],"version-history":[{"count":79,"href":"https:\/\/www.cif-pensions.de\/index.php?rest_route=\/wp\/v2\/pages\/6\/revisions"}],"predecessor-version":[{"id":222,"href":"https:\/\/www.cif-pensions.de\/index.php?rest_route=\/wp\/v2\/pages\/6\/revisions\/222"}],"wp:attachment":[{"href":"https:\/\/www.cif-pensions.de\/index.php?rest_route=%2Fwp%2Fv2%2Fmedia&parent=6"}],"curies":[{"name":"wp","href":"https:\/\/api.w.org\/{rel}","templated":true}]}}