
{"id":74,"date":"2023-05-20T15:50:02","date_gmt":"2023-05-20T15:50:02","guid":{"rendered":"https:\/\/cif-pensions.de\/?page_id=74"},"modified":"2025-10-16T07:53:35","modified_gmt":"2025-10-16T07:53:35","slug":"impressum","status":"publish","type":"page","link":"https:\/\/www.cif-pensions.de\/?page_id=74","title":{"rendered":"Impressum"},"content":{"rendered":"\n<div class=\"wp-block-columns alignwide is-layout-flex wp-container-core-columns-is-layout-9d6595d7 wp-block-columns-is-layout-flex\">\n<div class=\"wp-block-column is-layout-flow wp-block-column-is-layout-flow\">\n<h3 class=\"wp-block-heading\" id=\"InhaltsseiteImpressumConceptIFPensionsAG-ConceptIFPensionsAG\">ConceptIF Pensions AG<\/h3>\n\n\n\n<h4 class=\"wp-block-heading\" id=\"InhaltsseiteImpressumConceptIFPensionsAG-Vorstand\">Vorstand<\/h4>\n\n\n\n<ul class=\"wp-block-list\">\n<li>Christian Willms (Vorsitzender)<\/li>\n\n\n\n<li>Adreas Olm<\/li>\n<\/ul>\n\n\n\n<p>Barmbeker Stra\u00dfe 2-6&nbsp;\u2022 22303&nbsp;Hamburg<\/p>\n\n\n\n<p>Tel: 040-696 355-530 \u2022 Fax: 040-696 355-529<\/p>\n\n\n\n<p>Internet:&nbsp;<a href=\"http:\/\/www.conceptif.de\/\">www.conceptif-pensions.de<\/a><br>E-Mail:&nbsp;<a href=\"mailto:info@conceptif.de\">info@conceptif-pensions.de<\/a><\/p>\n\n\n\n<p><br>Eingetragen im Handelsregister Hamburg HRB 128888<br>Steuernummer beim FA Hamburg:&nbsp;43\/712\/01780<\/p>\n\n\n\n<p>Aufsichtsratsvorsitzender: Martin Klein<\/p>\n\n\n\n<p><br>Zust\u00e4ndige Aufsichtsbeh\u00f6rde f\u00fcr die Versicherungsvermittlung:<\/p>\n\n\n\n<p>Industrie- und Handelskammer Hamburg, Adolphsplatz 1, 20457 Hamburg<\/p>\n\n\n\n<p><br><strong>Pflichtangaben gem\u00e4\u00df \u00a7 11 Versicherungsvermittlungsverordnung :<\/strong><br>Versicherungsmakler mit einer Erlaubnis nach \u00a7 34 d Abs. 1 Gewerbeordnung<br>Vermittlerregister: Deutscher Industrie- und Handelskammertag e.V., Breite Stra\u00dfe 29, 10178 Berlin,&nbsp;<a href=\"http:\/\/www.vermittlerregister.info\/\">www.vermittlerregister.info<\/a><\/p>\n\n\n\n<p>Die Gesellschaft h\u00e4lt keine unmittelbaren oder mittelbaren Beteiligungen von mehr als 10% der Stimmrechte oder des Kapitals an einem Versicherungsunternehmen. Ein Versicherungsunternehmen h\u00e4lt keine mittelbaren oder unmittelbaren Beteiligungen von mehr als 10% der Stimmrechte oder des Kapitals an der Gesellschaft.<\/p>\n\n\n\n<p>Registernummer: D-IWTG-B5QL7-28<\/p>\n\n\n\n<p>Schlichtungsstelle:<br>Versicherungsombudsmann e.V., Postfach 08 06 32, 10006 Berlin<\/p>\n\n\n\n<p>Datenschutzbeauftragter:<\/p>\n\n\n\n<p>Herr Dr. Christoph Hechelmann, Hechelmann Datenschutz GmbH &amp; Co. KG, S\u00fcdring 176, 49477 Ibbenb\u00fcren, E-Mail:&nbsp;<a href=\"mailto:info@dsb-keeve.de\">info@dsb-hechelmann.de<\/a>&nbsp;, Telefon: 05451-5053 36 50<\/p>\n\n\n\n<p>*<a href=\"https:\/\/www.cif-pensions.de\/?page_id=3\" data-type=\"page\" data-id=\"3\">Datenschutzerkl\u00e4rung nach DSGVO<\/a>&nbsp;<\/p>\n\n\n\n<p><strong>Rechtliche Hinweise<\/strong><\/p>\n\n\n\n<p>Die ConceptIF Pensions AG aktualisiert die Informationen auf diesen Webseiten laufend und sorgf\u00e4ltig, dennoch sind Irrt\u00fcmer und Fehler nicht auszuschlie\u00dfen. Eine Haftung oder Garantie f\u00fcr die Aktualit\u00e4t, Richtigkeit und Vollst\u00e4ndigkeit der zur Verf\u00fcgung gestellten Informationen kann daher nicht \u00fcbernommen werden.<\/p>\n\n\n\n<p>Aus Gr\u00fcnden der besseren Lesbarkeit wurde auf den Webseiten bei Personenbezeichnungen teilweise nur die m\u00e4nnliche bzw. weibliche Form verwendet. Dies stellt keine Benachteiligung anderer Geschlechter dar. Wenn die m\u00e4nnliche bzw. weibliche Personenbezeichnung gew\u00e4hlt wurde, ist dies nicht geschlechterspezifisch, sondern es sind stets auch andere Geschlechtsformen gemeint. Gleiches gilt auch f\u00fcr alle anderen Webseiten, auf die mittels Hyperlink verwiesen wird. F\u00fcr den Inhalt von Hyperlinks sind Deutsche Unterst\u00fctzungskasse e.V. und ConceptIF Pensions AG nicht verantwortlich. Inhalt und Struktur der Deutsche Unterst\u00fctzungskasse e.V.-Webseiten sind urheberrechtlich gesch\u00fctzt. Die Verwendung von Materialien die nicht eindeutig als &#8222;Download&#8220; gekennzeichnet sind, bedarf der vorherigen Zustimmung.<\/p>\n\n\n\n<p><strong>Cookies<\/strong><\/p>\n\n\n\n<p>Cookies sind Textdateien, die bei dem Besuch auf einer Internetseite auf dem Computer des Benutzers gespeichert werden. Diese Website verwendet Cookies, um das Angebot nutzerfreundlich, effektiver und sicherer zu machen. Dank dieser Dateien ist es beispielsweise m\u00f6glich, dass Sie speziell auf Ihre Interessen abgestimmte Informationen auf der Seite angezeigt bekommen. Der ausschlie\u00dfliche Zweck besteht also darin, unser Angebot Ihren Kundenw\u00fcnschen bestm\u00f6glich anzupassen und Ihnen das Surfen bei uns so komfortabel wie m\u00f6glich zu gestalten und die Navigation zu erleichtern. Die durch den Cookie erzeugten Informationen \u00fcber Ihre Benutzung dieses Internetangebotes werden auf dem Server des Anbieters in Deutschland gespeichert. Die IP-Adresse wird sofort nach der Verarbeitung und vor deren Speicherung anonymisiert.<\/p>\n<\/div>\n<\/div>\n\n\n\n<div class=\"wp-block-cover alignfull footer-bild\"><img loading=\"lazy\" decoding=\"async\" width=\"2000\" height=\"600\" class=\"wp-block-cover__image-background wp-image-104\" alt=\"\" src=\"https:\/\/www.cif-pensions.de\/wp-content\/uploads\/2023\/05\/CIF-Pensions-Header-Schiffe.jpg\" data-object-fit=\"cover\" srcset=\"https:\/\/www.cif-pensions.de\/wp-content\/uploads\/2023\/05\/CIF-Pensions-Header-Schiffe.jpg 2000w, https:\/\/www.cif-pensions.de\/wp-content\/uploads\/2023\/05\/CIF-Pensions-Header-Schiffe-300x90.jpg 300w, https:\/\/www.cif-pensions.de\/wp-content\/uploads\/2023\/05\/CIF-Pensions-Header-Schiffe-1024x307.jpg 1024w, https:\/\/www.cif-pensions.de\/wp-content\/uploads\/2023\/05\/CIF-Pensions-Header-Schiffe-768x230.jpg 768w, https:\/\/www.cif-pensions.de\/wp-content\/uploads\/2023\/05\/CIF-Pensions-Header-Schiffe-1536x461.jpg 1536w, https:\/\/www.cif-pensions.de\/wp-content\/uploads\/2023\/05\/CIF-Pensions-Header-Schiffe-1200x360.jpg 1200w, https:\/\/www.cif-pensions.de\/wp-content\/uploads\/2023\/05\/CIF-Pensions-Header-Schiffe-1980x594.jpg 1980w\" sizes=\"auto, (max-width: 2000px) 100vw, 2000px\" \/><span aria-hidden=\"true\" class=\"wp-block-cover__background has-background-dim-0 has-background-dim\"><\/span><div class=\"wp-block-cover__inner-container is-layout-flow wp-block-cover-is-layout-flow\">\n<div class=\"wp-block-columns alignwide footer-overlayer is-layout-flex wp-container-core-columns-is-layout-9d6595d7 wp-block-columns-is-layout-flex\">\n<div class=\"wp-block-column is-layout-flow wp-block-column-is-layout-flow\">\n<p class=\"has-text-align-center footermenu\"><a href=\"https:\/\/www.cif-pensions.de\/\" data-type=\"page\" data-id=\"6\">Startseite<\/a><br><a href=\"https:\/\/www.cif-pensions.de\/?page_id=3\" data-type=\"page\" data-id=\"3\">Datenschutz<\/a><br><a href=\"https:\/\/www.cif-pensions.de\/?page_id=77\" data-type=\"page\" data-id=\"77\">Kontakt<\/a><\/p>\n\n\n\n<p class=\"has-text-align-center footer-text\">Aus Gr\u00fcnden der besseren Lesbarkeit wurde bei Personenbezeichnungen teilweise nur die m\u00e4nnliche bzw. weibliche Form verwendet. Dies stellt keine Benachteiligung anderer Geschlechter dar. Wenn die m\u00e4nnliche bzw. weibliche Personenbezeichnung gew\u00e4hlt wurde, ist dies nicht geschlechterspezifisch, sondern es sind stets auch andere Geschlechtsformen gemeint.<\/p>\n<\/div>\n<\/div>\n<\/div><\/div>\n","protected":false},"excerpt":{"rendered":"<p>ConceptIF Pensions AG Vorstand Barmbeker Stra\u00dfe 2-6&nbsp;\u2022 22303&nbsp;Hamburg Tel: 040-696 355-530 \u2022 Fax: 040-696 355-529 Internet:&nbsp;www.conceptif-pensions.deE-Mail:&nbsp;info@conceptif-pensions.de Eingetragen im Handelsregister Hamburg HRB 128888Steuernummer beim FA Hamburg:&nbsp;43\/712\/01780 Aufsichtsratsvorsitzender: Martin Klein Zust\u00e4ndige Aufsichtsbeh\u00f6rde f\u00fcr die Versicherungsvermittlung: Industrie- und Handelskammer Hamburg, Adolphsplatz 1, 20457 Hamburg Pflichtangaben gem\u00e4\u00df \u00a7 11 Versicherungsvermittlungsverordnung :Versicherungsmakler mit einer Erlaubnis nach \u00a7 34 d Abs. [&hellip;]<\/p>\n","protected":false},"author":1,"featured_media":0,"parent":0,"menu_order":0,"comment_status":"closed","ping_status":"closed","template":"","meta":{"footnotes":""},"class_list":["post-74","page","type-page","status-publish","hentry"],"_links":{"self":[{"href":"https:\/\/www.cif-pensions.de\/index.php?rest_route=\/wp\/v2\/pages\/74","targetHints":{"allow":["GET"]}}],"collection":[{"href":"https:\/\/www.cif-pensions.de\/index.php?rest_route=\/wp\/v2\/pages"}],"about":[{"href":"https:\/\/www.cif-pensions.de\/index.php?rest_route=\/wp\/v2\/types\/page"}],"author":[{"embeddable":true,"href":"https:\/\/www.cif-pensions.de\/index.php?rest_route=\/wp\/v2\/users\/1"}],"replies":[{"embeddable":true,"href":"https:\/\/www.cif-pensions.de\/index.php?rest_route=%2Fwp%2Fv2%2Fcomments&post=74"}],"version-history":[{"count":9,"href":"https:\/\/www.cif-pensions.de\/index.php?rest_route=\/wp\/v2\/pages\/74\/revisions"}],"predecessor-version":[{"id":225,"href":"https:\/\/www.cif-pensions.de\/index.php?rest_route=\/wp\/v2\/pages\/74\/revisions\/225"}],"wp:attachment":[{"href":"https:\/\/www.cif-pensions.de\/index.php?rest_route=%2Fwp%2Fv2%2Fmedia&parent=74"}],"curies":[{"name":"wp","href":"https:\/\/api.w.org\/{rel}","templated":true}]}}