
{"id":77,"date":"2023-05-20T15:50:44","date_gmt":"2023-05-20T15:50:44","guid":{"rendered":"https:\/\/cif-pensions.de\/?page_id=77"},"modified":"2025-02-19T09:36:15","modified_gmt":"2025-02-19T09:36:15","slug":"kontakt","status":"publish","type":"page","link":"https:\/\/www.cif-pensions.de\/?page_id=77","title":{"rendered":"Kontakt"},"content":{"rendered":"\n<div class=\"wp-block-columns alignwide is-layout-flex wp-container-core-columns-is-layout-9d6595d7 wp-block-columns-is-layout-flex\">\n<div class=\"wp-block-column is-layout-flow wp-block-column-is-layout-flow\">\n<h4 class=\"wp-block-heading\" id=\"KontaktCIFPensions-ConceptIFPensionsAG\">ConceptIF Pensions AG<\/h4>\n\n\n\n<p>Barmbeker Stra\u00dfe 2-6<br>22303 Hamburg<br>E-Mail:\u00a0<a href=\"mailto:info@deutsche-ukasse.de\">info@conceptif-pensions.de<\/a><br>Tel: +49 (0) 40 696 355-530<br>Fax: +49 (0) 40 696 355-529<\/p>\n\n\n\n<p><a href=\"https:\/\/www.hvv.de\/\">Hier<\/a>&nbsp;k\u00f6nnen Sie sich den schnellsten Weg zu uns mit dem \u00f6rtlichen Nahverkehr berechnen lassen.<\/p>\n<\/div>\n<\/div>\n\n\n\n<div class=\"wp-block-cover alignfull footer-bild\"><span aria-hidden=\"true\" class=\"wp-block-cover__background has-background-dim-0 has-background-dim\"><\/span><img loading=\"lazy\" decoding=\"async\" width=\"2000\" height=\"600\" class=\"wp-block-cover__image-background wp-image-104\" alt=\"\" src=\"https:\/\/www.cif-pensions.de\/wp-content\/uploads\/2023\/05\/CIF-Pensions-Header-Schiffe.jpg\" data-object-fit=\"cover\" srcset=\"https:\/\/www.cif-pensions.de\/wp-content\/uploads\/2023\/05\/CIF-Pensions-Header-Schiffe.jpg 2000w, https:\/\/www.cif-pensions.de\/wp-content\/uploads\/2023\/05\/CIF-Pensions-Header-Schiffe-300x90.jpg 300w, https:\/\/www.cif-pensions.de\/wp-content\/uploads\/2023\/05\/CIF-Pensions-Header-Schiffe-1024x307.jpg 1024w, https:\/\/www.cif-pensions.de\/wp-content\/uploads\/2023\/05\/CIF-Pensions-Header-Schiffe-768x230.jpg 768w, https:\/\/www.cif-pensions.de\/wp-content\/uploads\/2023\/05\/CIF-Pensions-Header-Schiffe-1536x461.jpg 1536w, https:\/\/www.cif-pensions.de\/wp-content\/uploads\/2023\/05\/CIF-Pensions-Header-Schiffe-1200x360.jpg 1200w, https:\/\/www.cif-pensions.de\/wp-content\/uploads\/2023\/05\/CIF-Pensions-Header-Schiffe-1980x594.jpg 1980w\" sizes=\"auto, (max-width: 2000px) 100vw, 2000px\" \/><div class=\"wp-block-cover__inner-container is-layout-flow wp-block-cover-is-layout-flow\">\n<div class=\"wp-block-columns alignwide footer-overlayer is-layout-flex wp-container-core-columns-is-layout-9d6595d7 wp-block-columns-is-layout-flex\">\n<div class=\"wp-block-column is-layout-flow wp-block-column-is-layout-flow\">\n<p class=\"has-text-align-center footermenu\"><a href=\"https:\/\/www.cif-pensions.de\/\" data-type=\"page\" data-id=\"6\">Startseite<\/a><br><a href=\"https:\/\/www.cif-pensions.de\/?page_id=74\" data-type=\"page\" data-id=\"74\">Impressum<\/a><br><a href=\"https:\/\/www.cif-pensions.de\/?page_id=3\" data-type=\"page\" data-id=\"3\">Datenschutz<\/a><\/p>\n\n\n\n<p class=\"has-text-align-center footer-text\">Aus Gr\u00fcnden der besseren Lesbarkeit wurde bei Personenbezeichnungen teilweise nur die m\u00e4nnliche bzw. weibliche Form verwendet. Dies stellt keine Benachteiligung anderer Geschlechter dar. Wenn die m\u00e4nnliche bzw. weibliche Personenbezeichnung gew\u00e4hlt wurde, ist dies nicht geschlechterspezifisch, sondern es sind stets auch andere Geschlechtsformen gemeint.<\/p>\n<\/div>\n<\/div>\n<\/div><\/div>\n","protected":false},"excerpt":{"rendered":"<p>ConceptIF Pensions AG Barmbeker Stra\u00dfe 2-622303 HamburgE-Mail:\u00a0info@conceptif-pensions.deTel: +49 (0) 40 696 355-530Fax: +49 (0) 40 696 355-529 Hier&nbsp;k\u00f6nnen Sie sich den schnellsten Weg zu uns mit dem \u00f6rtlichen Nahverkehr berechnen lassen.<\/p>\n","protected":false},"author":1,"featured_media":0,"parent":0,"menu_order":0,"comment_status":"closed","ping_status":"closed","template":"","meta":{"footnotes":""},"class_list":["post-77","page","type-page","status-publish","hentry"],"_links":{"self":[{"href":"https:\/\/www.cif-pensions.de\/index.php?rest_route=\/wp\/v2\/pages\/77","targetHints":{"allow":["GET"]}}],"collection":[{"href":"https:\/\/www.cif-pensions.de\/index.php?rest_route=\/wp\/v2\/pages"}],"about":[{"href":"https:\/\/www.cif-pensions.de\/index.php?rest_route=\/wp\/v2\/types\/page"}],"author":[{"embeddable":true,"href":"https:\/\/www.cif-pensions.de\/index.php?rest_route=\/wp\/v2\/users\/1"}],"replies":[{"embeddable":true,"href":"https:\/\/www.cif-pensions.de\/index.php?rest_route=%2Fwp%2Fv2%2Fcomments&post=77"}],"version-history":[{"count":6,"href":"https:\/\/www.cif-pensions.de\/index.php?rest_route=\/wp\/v2\/pages\/77\/revisions"}],"predecessor-version":[{"id":180,"href":"https:\/\/www.cif-pensions.de\/index.php?rest_route=\/wp\/v2\/pages\/77\/revisions\/180"}],"wp:attachment":[{"href":"https:\/\/www.cif-pensions.de\/index.php?rest_route=%2Fwp%2Fv2%2Fmedia&parent=77"}],"curies":[{"name":"wp","href":"https:\/\/api.w.org\/{rel}","templated":true}]}}